{"id":26,"date":"2012-06-07T04:55:36","date_gmt":"2012-06-07T04:55:36","guid":{"rendered":"http:\/\/www.gentedemente.info\/?page_id=26"},"modified":"2025-12-15T16:44:46","modified_gmt":"2025-12-15T19:44:46","slug":"nosotros-y-la-investigacion","status":"publish","type":"page","link":"https:\/\/www.gentedemente.info\/?page_id=26","title":{"rendered":"\u00bfC\u00f3mo trabajamos?"},"content":{"rendered":"\n<p>En Gentedemente no investigamos para confirmar lo obvio. Investigamos para incomodar certezas, abrir preguntas nuevas y tomar mejores decisiones.<\/p>\n\n\n\n<p>Creemos que los insights valiosos no aparecen cuando todo est\u00e1 cerrado, sino cuando el proceso est\u00e1 vivo. Por eso combinamos m\u00e9todo con creatividad, rigor con flexibilidad y tecnolog\u00eda con sensibilidad humana.<\/p>\n\n\n\n<p>No creemos en la acumulaci\u00f3n de datos, sino en la comprensi\u00f3n profunda e insights accionables.<\/p>\n\n\n\n<h3 class=\"wp-block-heading\">Aprendizaje \u00e1gil<\/h3>\n\n\n\n<p>Adoptamos <strong>creatividad metodol\u00f3gica<\/strong> para obtener d<strong>atos m\u00e1s ricos, m\u00e1s r\u00e1pidos y m\u00e1s reales.<\/strong><br>Trabajamos de forma <strong>iterativa<\/strong>: hip\u00f3tesis y dise\u00f1os metodol\u00f3gicos que <strong>se prueban, se ajustan y, si hace falta, se descartan.<\/strong><br><strong>Aprender r\u00e1pido es parte del m\u00e9todo.<\/strong><\/p>\n\n\n\n<h3 class=\"wp-block-heading\">Autenticidad y representatividad<\/h3>\n\n\n\n<p><strong>Conectamos con personas reales<\/strong>, diversas y aut\u00e9nticas, menos entrenadas para \u201cresponder encuestas\u201d y m\u00e1s dispuestas a compartir experiencias. <\/p>\n\n\n\n<p>Menos sesgo, m\u00e1s verdad.<\/p>\n\n\n\n<h3 class=\"wp-block-heading\">Conexiones reales<\/h3>\n\n\n\n<p>Usamos t\u00e9cnicas inmersivas (IHUTs, etnograf\u00edas, research digital) para <strong>investigar en y con contextos reales.<\/strong><br>Generamos <strong>experiencias de conexi\u00f3n entre marcas y personas, no encuestas.<\/strong><br>Porque <strong>entender implica involucrarse.&nbsp;<\/strong><\/p>\n\n\n\n<p><\/p>\n\n\n\n<hr class=\"wp-block-separator has-alpha-channel-opacity\"\/>\n","protected":false},"excerpt":{"rendered":"<p>En Gentedemente no investigamos para confirmar lo obvio. Investigamos para incomodar certezas, abrir preguntas nuevas y tomar mejores decisiones. Creemos que los insights valiosos no aparecen cuando todo est\u00e1 cerrado, sino cuando el proceso est\u00e1 vivo. Por eso combinamos m\u00e9todo con creatividad, rigor con flexibilidad y tecnolog\u00eda con sensibilidad humana. No creemos en la acumulaci\u00f3n [&hellip;]<\/p>\n","protected":false},"author":1,"featured_media":1468,"parent":0,"menu_order":20,"comment_status":"closed","ping_status":"closed","template":"","meta":{"footnotes":""},"class_list":["post-26","page","type-page","status-publish","has-post-thumbnail","hentry"],"_links":{"self":[{"href":"https:\/\/www.gentedemente.info\/index.php?rest_route=\/wp\/v2\/pages\/26","targetHints":{"allow":["GET"]}}],"collection":[{"href":"https:\/\/www.gentedemente.info\/index.php?rest_route=\/wp\/v2\/pages"}],"about":[{"href":"https:\/\/www.gentedemente.info\/index.php?rest_route=\/wp\/v2\/types\/page"}],"author":[{"embeddable":true,"href":"https:\/\/www.gentedemente.info\/index.php?rest_route=\/wp\/v2\/users\/1"}],"replies":[{"embeddable":true,"href":"https:\/\/www.gentedemente.info\/index.php?rest_route=%2Fwp%2Fv2%2Fcomments&post=26"}],"version-history":[{"count":18,"href":"https:\/\/www.gentedemente.info\/index.php?rest_route=\/wp\/v2\/pages\/26\/revisions"}],"predecessor-version":[{"id":1495,"href":"https:\/\/www.gentedemente.info\/index.php?rest_route=\/wp\/v2\/pages\/26\/revisions\/1495"}],"wp:featuredmedia":[{"embeddable":true,"href":"https:\/\/www.gentedemente.info\/index.php?rest_route=\/wp\/v2\/media\/1468"}],"wp:attachment":[{"href":"https:\/\/www.gentedemente.info\/index.php?rest_route=%2Fwp%2Fv2%2Fmedia&parent=26"}],"curies":[{"name":"wp","href":"https:\/\/api.w.org\/{rel}","templated":true}]}}