{"id":1746,"date":"2026-04-24T12:41:46","date_gmt":"2026-04-24T15:41:46","guid":{"rendered":"https:\/\/www.gentedemente.info\/?page_id=1746"},"modified":"2026-04-24T17:37:44","modified_gmt":"2026-04-24T20:37:44","slug":"diseno-de-propuestas-de-valor-que-conectan-con-decisiones-reales","status":"publish","type":"page","link":"https:\/\/www.gentedemente.info\/?page_id=1746","title":{"rendered":"Propuestas de valor que conectan con decisiones reales"},"content":{"rendered":"\n<blockquote class=\"wp-block-quote is-layout-flow wp-block-quote-is-layout-flow\">\n<p>Convertimos atributos en decisiones.<br>Dise\u00f1amos propuestas de valor que las personas entienden, valoran y eligen.<\/p>\n<\/blockquote>\n\n\n\n<p><\/p>\n\n\n\n<p>Lideramos procesos de investigaci\u00f3n y co-creaci\u00f3n con tu target para traducir atributos y caracter\u00edsticas funcionales en propuestas de valor claras, relevantes y accionables, alineadas con la l\u00f3gica real de decisi\u00f3n.<\/p>\n\n\n\n<p><\/p>\n\n\n\n<hr class=\"wp-block-separator has-alpha-channel-opacity\"\/>\n\n\n\n<p><\/p>\n\n\n\n<h2 class=\"wp-block-heading\">C\u00f3mo lo hacemos<\/h2>\n\n\n\n<p><\/p>\n\n\n\n<div class=\"wp-block-columns alignwide is-layout-flex wp-container-core-columns-is-layout-d2da2050 wp-block-columns-is-layout-flex\" style=\"margin-bottom:0\">\n<div class=\"wp-block-column has-text-color has-background has-link-color wp-elements-15c4536d4e8a8c5841b08818f2f6cf08 is-layout-flow wp-block-column-is-layout-flow\" style=\"color:#000000;background-color:#0b3c49;padding-top:2em;padding-right:2em;padding-bottom:2em;padding-left:2em\">\n<h4 class=\"wp-block-heading has-text-color has-link-color has-large-font-size wp-elements-6273bc50af5c340dfe037b14d074d0f1\" id=\"single\" style=\"color:#f9fafb\"><strong><strong><strong>Traducir atributos<\/strong><\/strong><\/strong><\/h4>\n\n\n\n<hr class=\"wp-block-separator has-alpha-channel-opacity is-style-wide\"\/>\n\n\n\n<p class=\"has-text-color has-link-color wp-elements-d08803489adcb8a2eb0bf17aaac944e8\" style=\"color:#e5e7eb\">Pasamos de caracter\u00edsticas t\u00e9cnicas y listados de features a beneficios concretos.<br><\/p>\n<\/div>\n\n\n\n<div class=\"wp-block-column has-text-color has-background has-link-color wp-elements-855eb204144f176b0b4b878c331058af is-layout-flow wp-block-column-is-layout-flow\" style=\"color:#000000;background-color:#0f4c5c;padding-top:2em;padding-right:2em;padding-bottom:2em;padding-left:2em\">\n<h4 class=\"wp-block-heading has-text-color has-link-color has-large-font-size wp-elements-3d0df6c77099871e2860240bb7bbfa46\" id=\"family\" style=\"color:#f9fafb\">Entender la decisi\u00f3n<\/h4>\n\n\n\n<hr class=\"wp-block-separator has-alpha-channel-opacity is-style-wide\"\/>\n\n\n\n<p class=\"has-text-color has-link-color wp-elements-75fa847f53ef650aebbc5f834481a438\" style=\"color:#e5e7eb\">Identificamos qu\u00e9 realmente moviliza al target.<\/p>\n<\/div>\n\n\n\n<div class=\"wp-block-column has-text-color has-background has-link-color wp-elements-ab79a97e3bfede653eee2bf309cc5bca is-layout-flow wp-block-column-is-layout-flow\" style=\"color:#000000;background-color:#145c6e;padding-top:2em;padding-right:2em;padding-bottom:2em;padding-left:2em\">\n<h4 class=\"wp-block-heading has-text-color has-link-color has-large-font-size wp-elements-0d6a608dbf5f24a13d4a46ee17abb488\" id=\"patron\" style=\"color:#f9fafb\"><strong>Co-crear valor<\/strong><\/h4>\n\n\n\n<hr class=\"wp-block-separator has-css-opacity is-style-wide\"\/>\n\n\n\n<p class=\"has-text-color has-link-color wp-elements-d2f113b12438eea7c40873272eeab6c2\" style=\"color:#e5e7eb\">Dise\u00f1amos propuestas junto a las personas para las que est\u00e1n dirigidas.<\/p>\n\n\n\n<p class=\"has-text-align-right has-accent-text-color has-text-color has-link-color wp-elements-290656d1e8a5677e0c3ff75db635d0d5\"><\/p>\n<\/div>\n\n\n\n<div class=\"wp-block-column has-text-color has-background has-link-color wp-elements-3ad125937a5bce85cc0ef4880b5e5a2b is-layout-flow wp-block-column-is-layout-flow\" style=\"color:#000000;background-color:#1b6b7f;padding-top:2em;padding-right:2em;padding-bottom:2em;padding-left:2em\">\n<h4 class=\"wp-block-heading has-text-color has-link-color has-large-font-size wp-elements-0af86306914480ee7364c2162fa2fff9\" id=\"patron\" style=\"color:#f9fafb\"><strong><strong><strong><strong>Validar y optimizar<\/strong><\/strong><\/strong><\/strong><\/h4>\n\n\n\n<hr class=\"wp-block-separator has-css-opacity is-style-wide\"\/>\n\n\n\n<p class=\"has-text-color has-link-color wp-elements-1a5bc99593b9a866d67ff3116e0a0fd4\" style=\"color:#e5e7eb\">Testeamos y ajustamos hasta encontrar lo que funciona.<\/p>\n\n\n\n<p><\/p>\n<\/div>\n<\/div>\n\n\n\n<hr class=\"wp-block-separator has-alpha-channel-opacity is-style-dots\" style=\"margin-top:var(--wp--preset--spacing--x-large);margin-bottom:var(--wp--preset--spacing--x-large)\"\/>\n\n\n\n<h2 class=\"wp-block-heading\">Algunas propuestas de valor en las que trabajamos<\/h2>\n\n\n\n<p><\/p>\n\n\n\n<div class=\"wp-block-group case-card has-accent-background-color has-background has-global-padding is-layout-constrained wp-container-core-group-is-layout-8e55c04b wp-block-group-is-layout-constrained\" style=\"border-top-left-radius:12px;border-top-right-radius:12px;border-bottom-left-radius:12px;border-bottom-right-radius:12px;margin-bottom:48px;padding-top:30px;padding-right:var(--wp--preset--spacing--medium);padding-bottom:30px;padding-left:var(--wp--preset--spacing--medium)\">\n<div class=\"wp-block-columns case-header is-layout-flex wp-container-core-columns-is-layout-28f84493 wp-block-columns-is-layout-flex\">\n<div class=\"wp-block-column is-layout-flow wp-block-column-is-layout-flow\" style=\"flex-basis:40%\">\n<h2 class=\"wp-block-heading\">De Carbono a Productividad<\/h2>\n<\/div>\n\n\n\n<div class=\"wp-block-column case-image is-layout-flow wp-block-column-is-layout-flow\" style=\"flex-basis:60%\">\n<figure class=\"wp-block-image size-full\"><a href=\"https:\/\/www.gentedemente.info\/wp-content\/uploads\/2026\/04\/carbono.png\"><img loading=\"lazy\" decoding=\"async\" width=\"885\" height=\"440\" src=\"https:\/\/www.gentedemente.info\/wp-content\/uploads\/2026\/04\/carbono.png\" alt=\"\" class=\"wp-image-1749\" style=\"object-fit:cover\" srcset=\"https:\/\/www.gentedemente.info\/wp-content\/uploads\/2026\/04\/carbono.png 885w, https:\/\/www.gentedemente.info\/wp-content\/uploads\/2026\/04\/carbono-300x149.png 300w, https:\/\/www.gentedemente.info\/wp-content\/uploads\/2026\/04\/carbono-768x382.png 768w\" sizes=\"auto, (max-width: 885px) 100vw, 885px\" \/><\/a><\/figure>\n<\/div>\n<\/div>\n\n\n\n<div class=\"wp-block-group case-block has-global-padding is-layout-constrained wp-block-group-is-layout-constrained\" style=\"margin-top:var(--wp--preset--spacing--small);padding-top:0;padding-bottom:15px\">\n<h4 class=\"wp-block-heading\">El desaf\u00edo<\/h4>\n\n\n\n<p>Bayer Crop Science ten\u00eda un proyecto innovador: el desarrollo de una plataforma para incentivar la agricultura regenerativa a trav\u00e9s de un mercado de carbono para productores agropecuarios.<\/p>\n\n\n\n<p>Pero su punto de partida era una propuesta compleja y abstracta, con baja conexi\u00f3n con las decisiones de negocio del target.<\/p>\n<\/div>\n\n\n\n<div class=\"wp-block-group case-block has-global-padding is-layout-constrained wp-block-group-is-layout-constrained\" style=\"padding-bottom:var(--wp--preset--spacing--x-small)\">\n<h4 class=\"wp-block-heading\">Qu\u00e9 hicimos<\/h4>\n\n\n\n<p>Trabajamos en contexto real con productores para traducir esa propuesta en valor concreto. A trav\u00e9s de instancias de co-creaci\u00f3n y testeo, exploramos distintas formas de conectar la sostenibilidad con beneficios relevantes para su actividad.<\/p>\n<\/div>\n\n\n\n<div class=\"wp-block-group case-shift has-global-padding is-layout-constrained wp-block-group-is-layout-constrained\" style=\"padding-bottom:var(--wp--preset--spacing--x-small)\">\n<h4 class=\"wp-block-heading\">Qu\u00e9 cambi\u00f3<\/h4>\n\n\n\n<p>La propuesta pas\u00f3 de centrarse en el impacto ambiental a enfocarse en beneficios directos: productividad, sustentabilidad de las pr\u00e1cticas y rentabilidad.<\/p>\n<\/div>\n\n\n\n<div class=\"wp-block-group case-impact has-global-padding is-layout-constrained wp-block-group-is-layout-constrained\" style=\"padding-bottom:var(--wp--preset--spacing--x-small)\">\n<h4 class=\"wp-block-heading\">El impacto<\/h4>\n\n\n\n<p>Una narrativa clara y relevante, alineada con decisiones reales, que facilita la adopci\u00f3n.<\/p>\n<\/div>\n\n\n\n<div class=\"wp-block-group case-learning has-global-padding is-layout-constrained wp-block-group-is-layout-constrained\" style=\"padding-bottom:var(--wp--preset--spacing--x-small)\">\n<h4 class=\"wp-block-heading\">Que aprendimos<\/h4>\n\n\n\n<p>Las ideas complejas necesitan anclarse en beneficios concretos. La sostenibilidad no moviliza si no conecta con el negocio.<\/p>\n<\/div>\n<\/div>\n\n\n\n<div class=\"wp-block-group case-card has-accent-background-color has-background has-global-padding is-layout-constrained wp-container-core-group-is-layout-8e55c04b wp-block-group-is-layout-constrained\" style=\"border-top-left-radius:12px;border-top-right-radius:12px;border-bottom-left-radius:12px;border-bottom-right-radius:12px;margin-bottom:48px;padding-top:30px;padding-right:var(--wp--preset--spacing--medium);padding-bottom:30px;padding-left:var(--wp--preset--spacing--medium)\">\n<div class=\"wp-block-columns case-header is-layout-flex wp-container-core-columns-is-layout-28f84493 wp-block-columns-is-layout-flex\">\n<div class=\"wp-block-column is-layout-flow wp-block-column-is-layout-flow\" style=\"flex-basis:40%\">\n<h2 class=\"wp-block-heading\">De Ecol\u00f3gico a Pr\u00e1ctico<\/h2>\n<\/div>\n\n\n\n<div class=\"wp-block-column case-image is-layout-flow wp-block-column-is-layout-flow\" style=\"flex-basis:60%\">\n<figure class=\"wp-block-image size-full\"><a href=\"https:\/\/www.gentedemente.info\/wp-content\/uploads\/2026\/04\/sou.jpg\"><img loading=\"lazy\" decoding=\"async\" width=\"1422\" height=\"861\" src=\"https:\/\/www.gentedemente.info\/wp-content\/uploads\/2026\/04\/sou.jpg\" alt=\"\" class=\"wp-image-1751\" style=\"object-fit:cover\" srcset=\"https:\/\/www.gentedemente.info\/wp-content\/uploads\/2026\/04\/sou.jpg 1422w, https:\/\/www.gentedemente.info\/wp-content\/uploads\/2026\/04\/sou-300x182.jpg 300w, https:\/\/www.gentedemente.info\/wp-content\/uploads\/2026\/04\/sou-1024x620.jpg 1024w, https:\/\/www.gentedemente.info\/wp-content\/uploads\/2026\/04\/sou-768x465.jpg 768w\" sizes=\"auto, (max-width: 1422px) 100vw, 1422px\" \/><\/a><\/figure>\n<\/div>\n<\/div>\n\n\n\n<div class=\"wp-block-group case-block has-global-padding is-layout-constrained wp-block-group-is-layout-constrained\" style=\"margin-top:var(--wp--preset--spacing--small);padding-top:0;padding-bottom:15px\">\n<h4 class=\"wp-block-heading\">El desaf\u00edo<\/h4>\n\n\n\n<p>Los jabones para ropa para diluir hoy son el est\u00e1ndar del mercado. Pero cuando <strong>Unilever<\/strong> lanz\u00f3 esta innovaci\u00f3n a nivel <strong>regional<\/strong>, enfrentaba un desaf\u00edo clave: neutralizar o compensar la percepci\u00f3n de falta de practicidad que las personas consumidoras asociaban a la necesidad de diluir el producto antes de usarlo.<\/p>\n\n\n\n<p>El punto de partida fue un posicionamiento centrado en lo \u201cecol\u00f3gico\u201d \u2014por el ahorro en agua, energ\u00eda y pl\u00e1sticos\u2014, pero con baja resonancia en la decisi\u00f3n de compra y una conexi\u00f3n limitada con el uso cotidiano.<\/p>\n<\/div>\n\n\n\n<div class=\"wp-block-group case-block has-global-padding is-layout-constrained wp-block-group-is-layout-constrained\" style=\"padding-bottom:var(--wp--preset--spacing--x-small)\">\n<h4 class=\"wp-block-heading\">Qu\u00e9 hicimos<\/h4>\n\n\n\n<p>Acompa\u00f1amos el proceso completo de desarrollo y validaci\u00f3n a trav\u00e9s de investigaci\u00f3n en uso real (IHUTs), sesiones de co-creaci\u00f3n con usuarios y validaciones cuantitativas. Esto permiti\u00f3 entender c\u00f3mo se usaba el producto y qu\u00e9 atributos generaban mayor valor en la pr\u00e1ctica.<\/p>\n<\/div>\n\n\n\n<div class=\"wp-block-group case-shift has-global-padding is-layout-constrained wp-block-group-is-layout-constrained\" style=\"padding-bottom:var(--wp--preset--spacing--x-small)\">\n<h4 class=\"wp-block-heading\">Qu\u00e9 cambi\u00f3<\/h4>\n\n\n\n<p>El foco se desplaz\u00f3 de un claim ambiental a beneficios de alta relevancia para el usuario: practicidad, facilidad de uso y conveniencia en el d\u00eda a d\u00eda.<\/p>\n<\/div>\n\n\n\n<div class=\"wp-block-group case-impact has-global-padding is-layout-constrained wp-block-group-is-layout-constrained\" style=\"padding-bottom:var(--wp--preset--spacing--x-small)\">\n<h4 class=\"wp-block-heading\">El impacto<\/h4>\n\n\n\n<p>Una propuesta m\u00e1s alineada con las necesidades reales del consumidor, que mejora la comprensi\u00f3n del producto y potencia su adopci\u00f3n.<\/p>\n<\/div>\n\n\n\n<div class=\"wp-block-group case-learning has-global-padding is-layout-constrained wp-block-group-is-layout-constrained\" style=\"padding-bottom:var(--wp--preset--spacing--x-small)\">\n<h4 class=\"wp-block-heading\">Que aprendimos<\/h4>\n\n\n\n<p>Los atributos aspiracionales no son suficientes para impulsar decisiones. La adopci\u00f3n ocurre cuando el valor se conecta con el uso real y cotidiano.<\/p>\n<\/div>\n<\/div>\n","protected":false},"excerpt":{"rendered":"<p>Convertimos atributos en decisiones.Dise\u00f1amos propuestas de valor que las personas entienden, valoran y eligen. Lideramos procesos de investigaci\u00f3n y co-creaci\u00f3n con tu target para traducir atributos y caracter\u00edsticas funcionales en propuestas de valor claras, relevantes y accionables, alineadas con la l\u00f3gica real de decisi\u00f3n. C\u00f3mo lo hacemos Traducir atributos Pasamos de caracter\u00edsticas t\u00e9cnicas y listados [&hellip;]<\/p>\n","protected":false},"author":1,"featured_media":0,"parent":0,"menu_order":0,"comment_status":"closed","ping_status":"closed","template":"","meta":{"footnotes":""},"class_list":["post-1746","page","type-page","status-publish","hentry"],"_links":{"self":[{"href":"https:\/\/www.gentedemente.info\/index.php?rest_route=\/wp\/v2\/pages\/1746","targetHints":{"allow":["GET"]}}],"collection":[{"href":"https:\/\/www.gentedemente.info\/index.php?rest_route=\/wp\/v2\/pages"}],"about":[{"href":"https:\/\/www.gentedemente.info\/index.php?rest_route=\/wp\/v2\/types\/page"}],"author":[{"embeddable":true,"href":"https:\/\/www.gentedemente.info\/index.php?rest_route=\/wp\/v2\/users\/1"}],"replies":[{"embeddable":true,"href":"https:\/\/www.gentedemente.info\/index.php?rest_route=%2Fwp%2Fv2%2Fcomments&post=1746"}],"version-history":[{"count":15,"href":"https:\/\/www.gentedemente.info\/index.php?rest_route=\/wp\/v2\/pages\/1746\/revisions"}],"predecessor-version":[{"id":1781,"href":"https:\/\/www.gentedemente.info\/index.php?rest_route=\/wp\/v2\/pages\/1746\/revisions\/1781"}],"wp:attachment":[{"href":"https:\/\/www.gentedemente.info\/index.php?rest_route=%2Fwp%2Fv2%2Fmedia&parent=1746"}],"curies":[{"name":"wp","href":"https:\/\/api.w.org\/{rel}","templated":true}]}}