{"id":1466,"date":"2025-12-15T16:09:33","date_gmt":"2025-12-15T19:09:33","guid":{"rendered":"https:\/\/www.gentedemente.info\/?page_id=1466"},"modified":"2025-12-19T15:26:38","modified_gmt":"2025-12-19T18:26:38","slug":"insights","status":"publish","type":"page","link":"https:\/\/www.gentedemente.info\/?page_id=1466","title":{"rendered":"Insights"},"content":{"rendered":"\n<p>En Gentedemente, los insights no son frases lindas ni conclusiones obvias. Son herramientas de transformaci\u00f3n.<\/p>\n\n\n\n<p>Trabajamos para revelar los porqu\u00e9s profundos que explican comportamientos, tensiones y decisiones de consumo. Traducimos complejidad en claridad estrat\u00e9gica y conocimiento en acci\u00f3n. Porque un insight que no moviliza, no es insight.<\/p>\n\n\n\n<h3 class=\"wp-block-heading\">Foco en los porqu\u00e9s<\/h3>\n\n\n\n<p>Vamos m\u00e1s all\u00e1 de lo funcional y lo declarativo. <br>Usamos t<strong>\u00e9cnicas proyectivas, laddering y marcos interpretativos<\/strong> que nos permiten <strong>identificar los <em>end benefits<\/em> <\/strong>reales detr\u00e1s de las elecciones. <strong>No nos quedamos con el qu\u00e9: llegamos al por qu\u00e9 importa.<\/strong><\/p>\n\n\n\n<h3 class=\"wp-block-heading\">Empat\u00eda que conecta<\/h3>\n\n\n\n<p>Creamos espacios de encuentro genuino entre marcas y personas consumidoras.<br>Traducimos aprendizajes en deliveries de alto impacto: <br><strong>modelos din\u00e1micos, buyer personas vivas<\/strong>, <strong>personas sint\u00e9ticas y videos testimoniales <\/strong>que permiten<br><strong>conectar, entender, sentir y decidir <\/strong>con mayor precisi\u00f3n.<\/p>\n\n\n\n<h3 class=\"wp-block-heading\">Anal\u00edtica accionable<\/h3>\n\n\n\n<p>Modelizamos las l\u00f3gicas del consumo para anticipar comportamientos y escenarios. Dise\u00f1amos indicadores claros y accionables que permiten validar impacto marcario, priorizar decisiones y reducir incertidumbre estrat\u00e9gica.<\/p>\n\n\n\n<p>Los insights no cierran conversaciones. Las abren. Y ah\u00ed empieza el verdadero valor.<\/p>\n\n\n\n<p><\/p>\n\n\n\n<hr class=\"wp-block-separator has-alpha-channel-opacity\"\/>\n\n\n\n<p><\/p>\n\n\n<section class=\"section-69302e58-a19a-4cec-ba7c-30fba70a183e gutentor-post-module gutentor-post-module-p2 gutentor-post-5 gutentor-template-2 wp-block-gutentor-p2\" id=\"69302e58-a19a-4cec-ba7c-30fba70a183e\" >\n<div class='grid-container'><div class='grid-row'><div class='grid-lg-4 grid-md-4 grid-12'><article class='gutentor-post gtf-item-wrap gutentor-post-item-0 gtf-item-0'><div class='gutentor-post-item gtf-item'><div class='gutentor-bg-image gtf-bg-image gutentor-post-height gtf-item-height gutentor-overlay g-overlay  g-pos-bottom-cont-m g-pos-bottom-cont-t g-pos-bottom-cont-d' style=\"background-image:url(https:\/\/www.gentedemente.info\/wp-content\/uploads\/2025\/12\/Picture1.png)\"><div class=\"gutentor-post-content gtf-content\"><h3 class=\"gutentor-post-title\"><a href=\"https:\/\/www.gentedemente.info\/?p=1164\" rel=\"bookmark\">Venta Directa Argentina 2025: transformaci\u00f3n y profesionalizaci\u00f3n<\/a><\/h3><\/div><\/div><\/div><\/article><\/div><div class='grid-lg-8 grid-md-8 grid-12'><div class='grid-row'><div class='grid-lg-6 grid-md-6 grid-12'><article class='gutentor-post gtf-item-wrap gutentor-post-item-1 gtf-item-1'><div class='gutentor-post-item gtf-item'><div class='gutentor-bg-image gtf-bg-image gutentor-post-height gtf-item-height gutentor-overlay g-overlay  g-pos-bottom-cont-m g-pos-bottom-cont-t g-pos-bottom-cont-d' style=\"background-image:url(https:\/\/www.gentedemente.info\/wp-content\/uploads\/2025\/12\/congreso_provincialMarista.jpg)\"><div class=\"gutentor-post-content gtf-content\"><h3 class=\"gutentor-post-title\"><a href=\"https:\/\/www.gentedemente.info\/?p=1179\" rel=\"bookmark\">Repensando la educaci\u00f3n que viene junto a la Provincia Marista de Centroam\u00e9rica<\/a><\/h3><\/div><\/div><\/div><\/article><\/div><div class='grid-lg-6 grid-md-6 grid-12'><article class='gutentor-post gtf-item-wrap gutentor-post-item-2 gtf-item-2'><div class='gutentor-post-item gtf-item'><div class='gutentor-bg-image gtf-bg-image gutentor-post-height gtf-item-height gutentor-overlay g-overlay  g-pos-bottom-cont-m g-pos-bottom-cont-t g-pos-bottom-cont-d' style=\"background-image:url(https:\/\/www.gentedemente.info\/wp-content\/uploads\/2025\/12\/WhatsApp-Image-2025-10-17-at-09.46.05_4dadd15d-e1764699757538.jpg)\"><div class=\"gutentor-post-content gtf-content\"><h3 class=\"gutentor-post-title\"><a href=\"https:\/\/www.gentedemente.info\/?p=1146\" rel=\"bookmark\">Reputaci\u00f3n Sustentable: el \u00edndice que las marcas necesitan mirar<\/a><\/h3><\/div><\/div><\/div><\/article><\/div><div class='grid-lg-6 grid-md-6 grid-12'><article class='gutentor-post gtf-item-wrap gutentor-post-item-3 gtf-item-3'><div class='gutentor-post-item gtf-item'><div class='gutentor-bg-image gtf-bg-image gutentor-post-height gtf-item-height gutentor-overlay g-overlay  g-pos-bottom-cont-m g-pos-bottom-cont-t g-pos-bottom-cont-d' style=\"background-image:url(https:\/\/www.gentedemente.info\/wp-content\/uploads\/2025\/12\/kevin-laminto-LL1vA5sUs6g-unsplash.jpg)\"><div class=\"gutentor-post-content gtf-content\"><h3 class=\"gutentor-post-title\"><a href=\"https:\/\/www.gentedemente.info\/?p=1183\" rel=\"bookmark\">El futuro de la belleza: lo que realmente mueve a las consumidoras latinoamericanas<\/a><\/h3><\/div><\/div><\/div><\/article><\/div><div class='grid-lg-6 grid-md-6 grid-12'><article class='gutentor-post gtf-item-wrap gutentor-post-item-4 gtf-item-4'><div class='gutentor-post-item gtf-item'><div class='gutentor-bg-image gtf-bg-image gutentor-post-height gtf-item-height gutentor-overlay g-overlay  g-pos-bottom-cont-m g-pos-bottom-cont-t g-pos-bottom-cont-d' style=\"background-image:url(https:\/\/www.gentedemente.info\/wp-content\/uploads\/2025\/07\/02-gancia0-750x640-1.jpg)\"><div class=\"gutentor-post-content gtf-content\"><h3 class=\"gutentor-post-title\"><a href=\"https:\/\/www.gentedemente.info\/?p=1142\" rel=\"bookmark\">Tenemos el producto&#8230; \u00bfy si le buscamos un posicionamiento?<\/a><\/h3><\/div><\/div><\/div><\/article><\/div><\/div><\/div><\/section>\n\n\n<p><\/p>\n","protected":false},"excerpt":{"rendered":"<p>En Gentedemente, los insights no son frases lindas ni conclusiones obvias. Son herramientas de transformaci\u00f3n. Trabajamos para revelar los porqu\u00e9s profundos que explican comportamientos, tensiones y decisiones de consumo. Traducimos complejidad en claridad estrat\u00e9gica y conocimiento en acci\u00f3n. Porque un insight que no moviliza, no es insight. Foco en los porqu\u00e9s Vamos m\u00e1s all\u00e1 de [&hellip;]<\/p>\n","protected":false},"author":1,"featured_media":1459,"parent":0,"menu_order":0,"comment_status":"closed","ping_status":"closed","template":"","meta":{"footnotes":""},"class_list":["post-1466","page","type-page","status-publish","has-post-thumbnail","hentry"],"_links":{"self":[{"href":"https:\/\/www.gentedemente.info\/index.php?rest_route=\/wp\/v2\/pages\/1466","targetHints":{"allow":["GET"]}}],"collection":[{"href":"https:\/\/www.gentedemente.info\/index.php?rest_route=\/wp\/v2\/pages"}],"about":[{"href":"https:\/\/www.gentedemente.info\/index.php?rest_route=\/wp\/v2\/types\/page"}],"author":[{"embeddable":true,"href":"https:\/\/www.gentedemente.info\/index.php?rest_route=\/wp\/v2\/users\/1"}],"replies":[{"embeddable":true,"href":"https:\/\/www.gentedemente.info\/index.php?rest_route=%2Fwp%2Fv2%2Fcomments&post=1466"}],"version-history":[{"count":9,"href":"https:\/\/www.gentedemente.info\/index.php?rest_route=\/wp\/v2\/pages\/1466\/revisions"}],"predecessor-version":[{"id":1625,"href":"https:\/\/www.gentedemente.info\/index.php?rest_route=\/wp\/v2\/pages\/1466\/revisions\/1625"}],"wp:featuredmedia":[{"embeddable":true,"href":"https:\/\/www.gentedemente.info\/index.php?rest_route=\/wp\/v2\/media\/1459"}],"wp:attachment":[{"href":"https:\/\/www.gentedemente.info\/index.php?rest_route=%2Fwp%2Fv2%2Fmedia&parent=1466"}],"curies":[{"name":"wp","href":"https:\/\/api.w.org\/{rel}","templated":true}]}}