{"id":123,"date":"2012-07-21T22:19:07","date_gmt":"2012-07-21T22:19:07","guid":{"rendered":"http:\/\/www.gentedemente.info\/?page_id=123"},"modified":"2019-04-02T19:39:41","modified_gmt":"2019-04-02T22:39:41","slug":"que-o-como-pensamos","status":"publish","type":"page","link":"https:\/\/www.gentedemente.info\/?page_id=123","title":{"rendered":"\u00bfQu\u00e9 (o c\u00f3mo) pensamos?"},"content":{"rendered":"<p><img loading=\"lazy\" decoding=\"async\" class=\"alignright wp-image-685\" src=\"http:\/\/www.gentedemente.info\/newsite\/wp-content\/uploads\/2012\/07\/download-300x245.jpg\" alt=\"C\u00f3mo pensamos\" width=\"400\" height=\"327\" srcset=\"https:\/\/www.gentedemente.info\/wp-content\/uploads\/2012\/07\/download-300x245.jpg 300w, https:\/\/www.gentedemente.info\/wp-content\/uploads\/2012\/07\/download.jpg 1000w\" sizes=\"auto, (max-width: 400px) 100vw, 400px\" \/><\/p>\n<p>La investigaci\u00f3n de mercados nace en el mundo moderno. Y con una mirada a nuestro alrededor, nos damos cuenta que ya no vivimos en ese mundo.<\/p>\n<p>Vivimos en un mundo donde la <strong>aceleraci\u00f3n<\/strong> es la \u00fanica constante.<\/p>\n<p><strong>Procesos cada vez m\u00e1s r\u00e1pidos, que exigen organizaciones cada vez m\u00e1s eficientes y optimizadas<\/strong><\/p>\n<p>Y miramos a nuestro alrededor, y vemos como las tendencias y desarrollos propios de la<strong> cultura digital<\/strong> son los que definen la arquitectura de nuestra sociedad.<\/p>\n<p>Por eso miramos ah\u00ed a la hora de inspirarnos. Y encontramos algunos keywords interesantes.<\/p>\n<p><strong>Tiempo real. Fluidez. Cultura Beta. Descentralizaci\u00f3n. Networking. Design Thinking.\u00a0Metodolog\u00edas \u00e1giles. \u00a0Lean Startup.<\/strong><\/p>\n<p>Nos centramos construir conocimiento accionable cargado de contenidos relevantes y desarrollado en los tiempos que nuestros clientes requieren. \u00a0De eso se trata \u201c<strong>tiempo rea<\/strong>l\u201d.<\/p>\n<p>Sabemos de las necesidades cambiantes de nuestros clientes, que a veces redefinen los objetivos de una investigaci\u00f3n cuando la misma ya est\u00e1 en marcha. Algunos lo llaman desorganizaci\u00f3n. Nosotros lo llamamos \u201c<strong>fluidez<\/strong>\u201d.<\/p>\n<p><strong>No creemos en equivocarnos, sino en explorar constantemente alternativas<\/strong>. En eso consiste la \u201c<strong>cultura beta<\/strong>\u201d. Productos e ideas que est\u00e1n en constante evoluci\u00f3n. Un proceso continuo, donde permanentemente se mejora aquello que pueda ser mejorado, dando muchos pero peque\u00f1os pasos. Y para eso debemos \u201carriesgarnos\u201d y decir lo que pensamos en etapas tempranas del proceso de investigaci\u00f3n, para incorporar el feedback del cliente lo antes posible.<\/p>\n<p>Porque <strong>nadie sabe m\u00e1s del negocio que el propio cliente<\/strong>. Por eso debe ser parte del proceso de an\u00e1lisis en todas sus etapas. Queremos conversar con el d\u00eda a d\u00eda, pensando juntos el significado de los datos que recopilamos. Definiendo juntos la direcci\u00f3n del an\u00e1lisis. No nos creemos expertos, sino facilitadores.<\/p>\n<p>Sabemos del <strong>valor del trabajo en equipo<\/strong>, y de la importancia de construir el mejor equipo para cada proyecto. Y sabemos que los mejores equipos se construyen a partir de <strong>redes abiertas, de talentos que circulan<\/strong> por distintos lugares, enriqueci\u00e9ndose en cada experiencia. De eso se trata la <strong>descentralizaci\u00f3n<\/strong> y el <strong>networking<\/strong>.<\/p>\n<p>Y aprendimos que hay otras formas de organizar los proyectos, pensando en <strong>cortos ciclos de iteraciones sucesivas con un constante replanteo y validaci\u00f3n de hip\u00f3tesis<\/strong>, en constante comunicaci\u00f3n con el cliente y trabajando para optimizar los procesos eliminando el desperdicio. Ese es el mindset del <strong>Design Thinking, Metodolog\u00edas \u00c1giles y el Lean Startup<\/strong>.<\/p>\n<p>As\u00ed pensamos.<\/p>\n<p>As\u00ed hacemos.<\/p>\n<p>As\u00ed trabajamos.<\/p>\n","protected":false},"excerpt":{"rendered":"<p>La investigaci\u00f3n de mercados nace en el mundo moderno. Y con una mirada a nuestro alrededor, nos damos cuenta que ya no vivimos en ese mundo. Vivimos en un mundo donde la aceleraci\u00f3n es la \u00fanica constante. Procesos cada vez m\u00e1s r\u00e1pidos, que exigen organizaciones cada vez m\u00e1s eficientes y optimizadas Y miramos a nuestro [&hellip;]<\/p>\n","protected":false},"author":1,"featured_media":0,"parent":35,"menu_order":0,"comment_status":"closed","ping_status":"closed","template":"","meta":{"footnotes":""},"class_list":["post-123","page","type-page","status-publish","hentry"],"_links":{"self":[{"href":"https:\/\/www.gentedemente.info\/index.php?rest_route=\/wp\/v2\/pages\/123","targetHints":{"allow":["GET"]}}],"collection":[{"href":"https:\/\/www.gentedemente.info\/index.php?rest_route=\/wp\/v2\/pages"}],"about":[{"href":"https:\/\/www.gentedemente.info\/index.php?rest_route=\/wp\/v2\/types\/page"}],"author":[{"embeddable":true,"href":"https:\/\/www.gentedemente.info\/index.php?rest_route=\/wp\/v2\/users\/1"}],"replies":[{"embeddable":true,"href":"https:\/\/www.gentedemente.info\/index.php?rest_route=%2Fwp%2Fv2%2Fcomments&post=123"}],"version-history":[{"count":6,"href":"https:\/\/www.gentedemente.info\/index.php?rest_route=\/wp\/v2\/pages\/123\/revisions"}],"predecessor-version":[{"id":864,"href":"https:\/\/www.gentedemente.info\/index.php?rest_route=\/wp\/v2\/pages\/123\/revisions\/864"}],"up":[{"embeddable":true,"href":"https:\/\/www.gentedemente.info\/index.php?rest_route=\/wp\/v2\/pages\/35"}],"wp:attachment":[{"href":"https:\/\/www.gentedemente.info\/index.php?rest_route=%2Fwp%2Fv2%2Fmedia&parent=123"}],"curies":[{"name":"wp","href":"https:\/\/api.w.org\/{rel}","templated":true}]}}