{"id":118,"date":"2012-07-21T21:11:54","date_gmt":"2012-07-21T21:11:54","guid":{"rendered":"http:\/\/www.gentedemente.info\/?page_id=118"},"modified":"2012-07-23T18:23:34","modified_gmt":"2012-07-23T18:23:34","slug":"insightful-btl","status":"publish","type":"page","link":"https:\/\/www.gentedemente.info\/?page_id=118","title":{"rendered":"Insightful BTL"},"content":{"rendered":"<div id=\"destacado\" style=\"float: right; width: 300px; border-top:10px solid red; border-bottom:5px solid red; font-size:40px;line-height:200%\">Activamos al consumidor para generar insights y branding al mismo tiempo.<\/div>\n<p>En\u00a0 nuestra b\u00fasqueda de un di\u00e1logo genuino con los consumidores m\u00e1s de una vez nos encontramos \u201cactivando\u201d al consumidor antes que \u201cinterrog\u00e1ndolo\u201d.<\/p>\n<p>Muchas de estas activaciones generan para el consumidor una experiencia que fortalece su v\u00ednculo con la marca.<\/p>\n<p>A estas acciones se suman las que la marca de por s\u00ed realiza como parte de su estrategia de marketing, las cuales no siempre se aprovechan para entender al consumidor.<\/p>\n<p>A trav\u00e9s del Insightful BTL buscamos sacar el mayor provecho del potencial de construcci\u00f3n marcaria que estas acciones tienen, generando insights y equity a la vez.<\/p>\n<p>Para hacerlo, buscamos partnerships con agencias de comunicaci\u00f3n, dise\u00f1ando en forma conjunta acciones que conectan a la marca con el consumidor en un canal de ida y vuelta.<\/p>\n<p>Desde aplicaciones de Facebook o Mobile a activaciones en Punto de Venta, pasando por campa\u00f1as de Contenido Generado por el Usuario, Insightful BTL es una nueva forma de conectarse con el consumidor inspirada en los principios del <a href=\"http:\/\/en.wikipedia.org\/wiki\/Lean_Startup\">Lean Startup<\/a>.<\/p>\n","protected":false},"excerpt":{"rendered":"<p>Activamos al consumidor para generar insights y branding al mismo tiempo. En\u00a0 nuestra b\u00fasqueda de un di\u00e1logo genuino con los consumidores m\u00e1s de una vez nos encontramos \u201cactivando\u201d al consumidor antes que \u201cinterrog\u00e1ndolo\u201d. Muchas de estas activaciones generan para el consumidor una experiencia que fortalece su v\u00ednculo con la marca. A estas acciones se suman [&hellip;]<\/p>\n","protected":false},"author":1,"featured_media":0,"parent":26,"menu_order":80,"comment_status":"closed","ping_status":"closed","template":"full-width-page.php","meta":{"footnotes":""},"class_list":["post-118","page","type-page","status-publish","hentry"],"_links":{"self":[{"href":"https:\/\/www.gentedemente.info\/index.php?rest_route=\/wp\/v2\/pages\/118","targetHints":{"allow":["GET"]}}],"collection":[{"href":"https:\/\/www.gentedemente.info\/index.php?rest_route=\/wp\/v2\/pages"}],"about":[{"href":"https:\/\/www.gentedemente.info\/index.php?rest_route=\/wp\/v2\/types\/page"}],"author":[{"embeddable":true,"href":"https:\/\/www.gentedemente.info\/index.php?rest_route=\/wp\/v2\/users\/1"}],"replies":[{"embeddable":true,"href":"https:\/\/www.gentedemente.info\/index.php?rest_route=%2Fwp%2Fv2%2Fcomments&post=118"}],"version-history":[{"count":5,"href":"https:\/\/www.gentedemente.info\/index.php?rest_route=\/wp\/v2\/pages\/118\/revisions"}],"predecessor-version":[{"id":121,"href":"https:\/\/www.gentedemente.info\/index.php?rest_route=\/wp\/v2\/pages\/118\/revisions\/121"}],"up":[{"embeddable":true,"href":"https:\/\/www.gentedemente.info\/index.php?rest_route=\/wp\/v2\/pages\/26"}],"wp:attachment":[{"href":"https:\/\/www.gentedemente.info\/index.php?rest_route=%2Fwp%2Fv2%2Fmedia&parent=118"}],"curies":[{"name":"wp","href":"https:\/\/api.w.org\/{rel}","templated":true}]}}